{"id":3,"date":"2021-01-31T15:03:49","date_gmt":"2021-01-31T15:03:49","guid":{"rendered":"http:\/\/www.a2eadjusters.com\/?page_id=3"},"modified":"2021-10-30T03:35:51","modified_gmt":"2021-10-30T03:35:51","slug":"politica-de-privacidad","status":"publish","type":"page","link":"https:\/\/www.a2eadjusters.com\/eng\/politica-de-privacidad\/","title":{"rendered":"Privacy Policy"},"content":{"rendered":"<p>[et_pb_section fb_built=\u00bb1&#8243; custom_padding_last_edited=\u00bbon|phone\u00bb _builder_version=\u00bb4.7.7&#8243; background_enable_color=\u00bboff\u00bb use_background_color_gradient=\u00bbon\u00bb background_color_gradient_start=\u00bbrgba(68,185,171,0.46)\u00bb background_color_gradient_end=\u00bbrgba(68,185,171,0.49)\u00bb background_color_gradient_overlays_image=\u00bbon\u00bb background_image=\u00bbhttp:\/\/www.a2eadjusters.com\/wp-content\/uploads\/2021\/02\/banner-10.jpg\u00bb custom_margin=\u00bb|||\u00bb custom_padding=\u00bb90px||220px|\u00bb custom_padding_tablet=\u00bb\u00bb custom_padding_phone=\u00bb100px||185px|\u00bb][et_pb_row _builder_version=\u00bb4.7.7&#8243; background_color_gradient_direction=\u00bb135deg\u00bb background_size=\u00bbinitial\u00bb background_position=\u00bbtop_left\u00bb background_repeat=\u00bbrepeat\u00bb max_width=\u00bb1063px\u00bb custom_padding=\u00bb0|0px|0|0px\u00bb animation_style=\u00bbfade\u00bb animation_direction=\u00bbbottom\u00bb animation_duration=\u00bb1250ms\u00bb hover_enabled=\u00bb0&#8243; use_custom_width=\u00bbon\u00bb custom_width_px=\u00bb1063px\u00bb sticky_enabled=\u00bb0&#8243;][et_pb_column type=\u00bb4_4&#8243; _builder_version=\u00bb3.25&#8243; custom_padding=\u00bb|||\u00bb custom_padding__hover=\u00bb|||\u00bb][et_pb_text _builder_version=\u00bb4.7.7&#8243; text_font=\u00bb||||||||\u00bb header_font=\u00bb|600|||||||\u00bb header_text_align=\u00bbcenter\u00bb header_font_size=\u00bb70px\u00bb header_letter_spacing=\u00bb1px\u00bb background_color_gradient_direction=\u00bb90deg\u00bb background_layout=\u00bbdark\u00bb custom_margin=\u00bb|||\u00bb custom_padding=\u00bb30px|||\u00bb header_font_size_tablet=\u00bb52px\u00bb header_font_size_phone=\u00bb40px\u00bb header_font_size_last_edited=\u00bbon|tablet\u00bb header_text_shadow_style=\u00bbpreset1&#8243; header_text_shadow_vertical_length=\u00bb0.07em\u00bb]<\/p>\n<h1>Pol\u00edtica de Privacidad<\/h1>\n<p>[\/et_pb_text][\/et_pb_column][\/et_pb_row][\/et_pb_section][et_pb_section fb_built=\u00bb1&#8243; _builder_version=\u00bb4.7.7&#8243; _module_preset=\u00bbdefault\u00bb][et_pb_row _builder_version=\u00bb4.7.7&#8243; _module_preset=\u00bbdefault\u00bb][et_pb_column type=\u00bb4_4&#8243; _builder_version=\u00bb4.7.7&#8243; _module_preset=\u00bbdefault\u00bb][et_pb_text _builder_version=\u00bb4.7.7&#8243; _module_preset=\u00bbdefault\u00bb]<\/p>\n<p>En este sitio web y en cumplimiento de las disposiciones contenidas en la Ley Federal de Protecci\u00f3n de Datos Personales en Posesi\u00f3n de los Particulares, nos comprometemos a proteger la privacidad de sus datos personales.<\/p>\n<div class=\"uk-margin-medium\" property=\"text\">\n<p>Este Aviso de Privacidad detalla la informaci\u00f3n que nos proporciona y como la recabamos, el tratamiento de sus datos personales, el uso que se le d\u00e9 a los mismos y como los protegemos.<\/p>\n<p><strong>LO QUE HACEMOS CON LA INFORMACI\u00d3N<\/strong><\/p>\n<p>Los datos personales ser\u00e1n \u00fanicamente utilizados para las siguientes finalidades:<\/p>\n<ul>\n<li style=\"text-align: justify;\">Informarle sobre nuevos productos o servicios que est\u00e9n relacionados con el contratado o adquirido por el cliente.<\/li>\n<li style=\"text-align: justify;\">Informarle sobre pr\u00f3ximas promociones y estudios internos sobre h\u00e1bitos de consumo.<\/li>\n<\/ul>\n<p><strong>INFORMACI\u00d3N RECOLECTADA<\/strong><\/p>\n<p>Si usted se registra a trav\u00e9s de nuestro sitio web y\/o por cualquier medio de recolecci\u00f3n de datos, incluyendo medios impresos, electr\u00f3nicos o verbales, recolectaremos y almacenaremos:<\/p>\n<ul>\n<li>Nombre completo<\/li>\n<li>Tel\u00e9fono<\/li>\n<li>Correo electr\u00f3nico<\/li>\n<li>Giro o actividad que realiza<\/li>\n<li>Como se entero de nosotros<\/li>\n<li>Compa\u00f1\u00eda para la que trabaja<\/li>\n<\/ul>\n<p>As\u00ed como la informaci\u00f3n obtenida a trav\u00e9s de otras fuentes que est\u00e1n permitidas por la Ley<\/p>\n<p>Ninguno considerado como sensible seg\u00fan la Ley Federal de Protecci\u00f3n de Datos Personales en Posesi\u00f3n de los Particulares.<\/p>\n<p><strong>ACEPTACI\u00d3N DEL AVISO DE PRIVACIDAD<\/strong><\/p>\n<p>Al momento de enviar el formulario se le dar\u00e1 a conocer el presente Aviso de Privacidad el cual acepta de forma electr\u00f3nica mediante el icono respectivo.<\/p>\n<p><strong>EJERCICIO DE DERECHOS ARCO<\/strong><\/p>\n<p>Los usuarios de nuestro sitio Web o Call Center pueden ejercer sus derechos de Acceso, Rectificaci\u00f3n, Cancelaci\u00f3n y Oposici\u00f3n (ARCO) respecto de los datos personales recabados, as\u00ed como limitar el uso de los mismos, enviando una solicitud a la direcci\u00f3n de correo electr\u00f3nico.<\/p>\n<p>Para nosotros, mantener la privacidad y los procedimientos de seguridad que protegen sus datos personales es muy importante<\/p>\n<p><strong>TRANSMISI\u00d3N DE SUS DATOS<\/strong><\/p>\n<p>Nos comprometemos a no transferir su informaci\u00f3n personal a terceros sin su consentimiento con la excepci\u00f3n de los dispuesto por el art\u00edculo 37 de la Ley de Protecci\u00f3n de Datos Personales en Posesi\u00f3n de Particulares, as\u00ed como que sus datos personales pueden ser transferidos y tratados dentro y fuera del pa\u00eds, por personas distintas a esta Empresa. En ese sentido, su informaci\u00f3n puede ser compartida con Empresas afiliadas o asociadas, para fines de invitaci\u00f3n a otros eventos relacionados a PyMES. Si Usted no manifiesta su oposici\u00f3n para que sus datos personales sean transferidos, se entender\u00e1 que ha otorgado su consentimiento para ello. No se realizar\u00e1n transferencias que contengan datos personales considerados por la Ley como sensibles salvo que se recabe previamente el consentimiento expreso del Titular. Los terceros que reciban la Informaci\u00f3n deber\u00e1n asumir previamente y por escrito, las mismas obligaciones respecto del manejo y cuidado de la Informaci\u00f3n que se establecen en este Aviso de Privacidad.<\/p>\n<p><strong>SEGURIDAD<\/strong><\/p>\n<p>Solamente recolectamos informaci\u00f3n que estimamos razonablemente necesaria para servir con los intereses leg\u00edtimos de nuestro negocio y para cumplir con nuestras obligaciones legales. Protegemos a los titulares de los datos personales por cuanto a su informaci\u00f3n divulgada, utilizando est\u00e1ndares de protecci\u00f3n vigentes en la industria y de conformidad con la Ley Federal de Protecci\u00f3n de Datos Personales en Posesi\u00f3n de los Particulares y de su Reglamento. Con independencia que no exista una \u201cseguridad garantizada\u201d ya sea en Internet o fuera del mismo, nosotros realizamos los esfuerzos comercialmente razonables para lograr que la recolecci\u00f3n de informaci\u00f3n que realicemos se haga de conformidad con toda la legislaci\u00f3n aplicable.<\/p>\n<p><strong>MODIFICACIONES AL AVISO DE PRIVACIDAD<\/strong><\/p>\n<p>Nos RESERVAMOS el derecho de efectuar en cualquier momento modificaciones o actualizaciones al Aviso de Privacidad, con el fin de cumplir con nuevas disposiciones establecidas en la Ley de la materia, cambios en las pol\u00edticas internas o nuevos requerimientos para la prestaci\u00f3n u ofrecimiento de nuestros servicios.<\/p>\n<p><strong>INFORMACI\u00d3N<\/strong><\/p>\n<p>Para mayor informaci\u00f3n al respecto visite <a href=\"http:\/\/www.ifai.org.mx\">www.ifai.org.mx<\/a><\/p>\n<\/div>\n<p>&nbsp;<\/p>\n<p>[\/et_pb_text][\/et_pb_column][\/et_pb_row][\/et_pb_section][et_pb_section fb_built=\u00bb1&#8243; _builder_version=\u00bb4.7.7&#8243; _module_preset=\u00bbdefault\u00bb background_color=\u00bb#44b9ab\u00bb custom_padding=\u00bb23px||20px|||\u00bb global_module=\u00bb698&#8243; saved_tabs=\u00bball\u00bb][et_pb_row column_structure=\u00bb1_3,1_3,1_3&#8243; _builder_version=\u00bb4.7.7&#8243; _module_preset=\u00bbdefault\u00bb custom_margin=\u00bb|auto|-20px|auto||\u00bb animation_style=\u00bbslide\u00bb animation_direction=\u00bbbottom\u00bb animation_starting_opacity=\u00bb100%\u00bb][et_pb_column type=\u00bb1_3&#8243; _builder_version=\u00bb4.7.7&#8243; _module_preset=\u00bbdefault\u00bb][et_pb_image src=\u00bbhttp:\/\/www.a2eadjusters.com\/wp-content\/uploads\/2021\/02\/logo-pequeno.png\u00bb title_text=\u00bblogo peque\u00f1o\u00bb _builder_version=\u00bb4.7.7&#8243; _module_preset=\u00bbdefault\u00bb background_enable_image=\u00bboff\u00bb width_tablet=\u00bb61%\u00bb width_phone=\u00bb\u00bb width_last_edited=\u00bbon|tablet\u00bb][\/et_pb_image][\/et_pb_column][et_pb_column type=\u00bb1_3&#8243; _builder_version=\u00bb4.7.7&#8243; _module_preset=\u00bbdefault\u00bb][et_pb_text _builder_version=\u00bb4.7.7&#8243; _module_preset=\u00bbdefault\u00bb header_3_text_color=\u00bb#ffffff\u00bb header_3_letter_spacing=\u00bb1px\u00bb custom_margin=\u00bb||7px|||\u00bb]<\/p>\n<h3>Oficina Principal<\/h3>\n<p>[\/et_pb_text][et_pb_text _builder_version=\u00bb4.7.7&#8243; _module_preset=\u00bbdefault\u00bb text_text_color=\u00bb#ffffff\u00bb text_font_size_tablet=\u00bb\u00bb text_font_size_phone=\u00bb\u00bb text_font_size_last_edited=\u00bbon|desktop\u00bb]<\/p>\n<p>Av. Manuela S\u00e1enz #11 Int. 401.<br \/> Col. Presidentes Ejidales,<br \/> Del. Coyoac\u00e1n, Ciudad de M\u00e9xico<br \/> C.P. 04470.<\/p>\n<p>[\/et_pb_text][\/et_pb_column][et_pb_column type=\u00bb1_3&#8243; _builder_version=\u00bb4.7.7&#8243; _module_preset=\u00bbdefault\u00bb][et_pb_text _builder_version=\u00bb4.7.7&#8243; _module_preset=\u00bbdefault\u00bb header_3_text_color=\u00bb#ffffff\u00bb header_3_letter_spacing=\u00bb1px\u00bb custom_margin=\u00bb||7px|||\u00bb]<\/p>\n<h3>Contacto<\/h3>\n<p>[\/et_pb_text][et_pb_text _builder_version=\u00bb4.7.7&#8243; _module_preset=\u00bbdefault\u00bb text_text_color=\u00bb#ffffff\u00bb text_font_size=\u00bb18px\u00bb header_4_font=\u00bb|300|||||||\u00bb header_4_text_color=\u00bb#ffffff\u00bb header_4_font_size=\u00bb23px\u00bb header_4_line_height=\u00bb0.6em\u00bb]<\/p>\n<h4>+52 55 2596 2028<\/h4>\n<p>Call Center 24 horas \/ 365 d\u00edas al a\u00f1o.<\/p>\n<p>[\/et_pb_text][et_pb_contact_form email=\u00bbrecepcionsiniestros@a2eadjusters.com\u00bb title=\u00bbEmail\u00bb custom_message=\u00bbHa recibido un mensaje desde su p\u00e1gina web.||et_pb_line_break_holder||||et_pb_line_break_holder||Nombre: %%Name%%||et_pb_line_break_holder||Email: %%Email%%||et_pb_line_break_holder||Mensaje: %%Message%%\u00bb success_message=\u00bbGracias, en breve nos comunicaremos con Usted.\u00bb submit_button_text=\u00bbEnviar\u00bb _builder_version=\u00bb4.7.7&#8243; _module_preset=\u00bbdefault\u00bb title_level=\u00bbh3&#8243; title_font=\u00bb|700|||||||\u00bb title_text_color=\u00bb#ffffff\u00bb title_font_size=\u00bb20px\u00bb title_letter_spacing=\u00bb1px\u00bb custom_button=\u00bbon\u00bb button_text_color=\u00bb#ffffff\u00bb button_bg_color=\u00bb#44b9ab\u00bb button_border_width=\u00bb2px\u00bb button_border_color=\u00bb#ffffff\u00bb button_border_radius=\u00bb9px\u00bb button_use_icon=\u00bboff\u00bb][et_pb_contact_field field_id=\u00bbName\u00bb field_title=\u00bbNombre\u00bb _builder_version=\u00bb4.7.7&#8243; button_text_size__hover_enabled=\u00bboff\u00bb button_one_text_size__hover_enabled=\u00bboff\u00bb button_two_text_size__hover_enabled=\u00bboff\u00bb button_text_color__hover_enabled=\u00bboff\u00bb button_one_text_color__hover_enabled=\u00bboff\u00bb button_two_text_color__hover_enabled=\u00bboff\u00bb button_border_width__hover_enabled=\u00bboff\u00bb button_one_border_width__hover_enabled=\u00bboff\u00bb button_two_border_width__hover_enabled=\u00bboff\u00bb button_border_color__hover_enabled=\u00bboff\u00bb button_one_border_color__hover_enabled=\u00bboff\u00bb button_two_border_color__hover_enabled=\u00bboff\u00bb button_border_radius__hover_enabled=\u00bboff\u00bb button_one_border_radius__hover_enabled=\u00bboff\u00bb button_two_border_radius__hover_enabled=\u00bboff\u00bb button_letter_spacing__hover_enabled=\u00bboff\u00bb button_one_letter_spacing__hover_enabled=\u00bboff\u00bb button_two_letter_spacing__hover_enabled=\u00bboff\u00bb button_bg_color__hover_enabled=\u00bboff\u00bb button_one_bg_color__hover_enabled=\u00bboff\u00bb button_two_bg_color__hover_enabled=\u00bboff\u00bb][\/et_pb_contact_field][et_pb_contact_field field_id=\u00bbEmail\u00bb field_title=\u00bbCorreo Electr\u00f3nico\u00bb field_type=\u00bbemail\u00bb _builder_version=\u00bb4.7.7&#8243; button_text_size__hover_enabled=\u00bboff\u00bb button_one_text_size__hover_enabled=\u00bboff\u00bb button_two_text_size__hover_enabled=\u00bboff\u00bb button_text_color__hover_enabled=\u00bboff\u00bb button_one_text_color__hover_enabled=\u00bboff\u00bb button_two_text_color__hover_enabled=\u00bboff\u00bb button_border_width__hover_enabled=\u00bboff\u00bb button_one_border_width__hover_enabled=\u00bboff\u00bb button_two_border_width__hover_enabled=\u00bboff\u00bb button_border_color__hover_enabled=\u00bboff\u00bb button_one_border_color__hover_enabled=\u00bboff\u00bb button_two_border_color__hover_enabled=\u00bboff\u00bb button_border_radius__hover_enabled=\u00bboff\u00bb button_one_border_radius__hover_enabled=\u00bboff\u00bb button_two_border_radius__hover_enabled=\u00bboff\u00bb button_letter_spacing__hover_enabled=\u00bboff\u00bb button_one_letter_spacing__hover_enabled=\u00bboff\u00bb button_two_letter_spacing__hover_enabled=\u00bboff\u00bb button_bg_color__hover_enabled=\u00bboff\u00bb button_one_bg_color__hover_enabled=\u00bboff\u00bb button_two_bg_color__hover_enabled=\u00bboff\u00bb][\/et_pb_contact_field][et_pb_contact_field field_id=\u00bbMessage\u00bb field_title=\u00bbMensaje\u00bb field_type=\u00bbtext\u00bb fullwidth_field=\u00bbon\u00bb _builder_version=\u00bb4.7.7&#8243; button_text_size__hover_enabled=\u00bboff\u00bb button_one_text_size__hover_enabled=\u00bboff\u00bb button_two_text_size__hover_enabled=\u00bboff\u00bb button_text_color__hover_enabled=\u00bboff\u00bb button_one_text_color__hover_enabled=\u00bboff\u00bb button_two_text_color__hover_enabled=\u00bboff\u00bb button_border_width__hover_enabled=\u00bboff\u00bb button_one_border_width__hover_enabled=\u00bboff\u00bb button_two_border_width__hover_enabled=\u00bboff\u00bb button_border_color__hover_enabled=\u00bboff\u00bb button_one_border_color__hover_enabled=\u00bboff\u00bb button_two_border_color__hover_enabled=\u00bboff\u00bb button_border_radius__hover_enabled=\u00bboff\u00bb button_one_border_radius__hover_enabled=\u00bboff\u00bb button_two_border_radius__hover_enabled=\u00bboff\u00bb button_letter_spacing__hover_enabled=\u00bboff\u00bb button_one_letter_spacing__hover_enabled=\u00bboff\u00bb button_two_letter_spacing__hover_enabled=\u00bboff\u00bb button_bg_color__hover_enabled=\u00bboff\u00bb button_one_bg_color__hover_enabled=\u00bboff\u00bb button_two_bg_color__hover_enabled=\u00bboff\u00bb][\/et_pb_contact_field][\/et_pb_contact_form][\/et_pb_column][\/et_pb_row][\/et_pb_section][et_pb_section fb_built=\u00bb1&#8243; _builder_version=\u00bb4.7.7&#8243; _module_preset=\u00bbdefault\u00bb background_color=\u00bb#c1c1c1&#8243; custom_padding=\u00bb8px||0px|||\u00bb global_module=\u00bb712&#8243; saved_tabs=\u00bball\u00bb][et_pb_row column_structure=\u00bb1_2,1_2&#8243; _builder_version=\u00bb4.7.7&#8243; _module_preset=\u00bbdefault\u00bb custom_padding=\u00bb0px|||||\u00bb][et_pb_column type=\u00bb1_2&#8243; _builder_version=\u00bb4.7.7&#8243; _module_preset=\u00bbdefault\u00bb][et_pb_text _builder_version=\u00bb4.7.7&#8243; _module_preset=\u00bbdefault\u00bb text_font=\u00bb|600|||||||\u00bb text_font_size_tablet=\u00bb13px\u00bb text_font_size_phone=\u00bb11px\u00bb text_font_size_last_edited=\u00bbon|tablet\u00bb]<\/p>\n<p><span>\u00a92021<\/span>\u00a0Ajustes Internacionales. Derechos reservados.<\/p>\n<p>[\/et_pb_text][\/et_pb_column][et_pb_column type=\u00bb1_2&#8243; _builder_version=\u00bb4.7.7&#8243; _module_preset=\u00bbdefault\u00bb][et_pb_text _builder_version=\u00bb4.7.7&#8243; _module_preset=\u00bbdefault\u00bb text_font=\u00bb|600|||||||\u00bb custom_margin_tablet=\u00bb\u00bb custom_margin_phone=\u00bb-36px||-47px||false|false\u00bb custom_margin_last_edited=\u00bbon|phone\u00bb custom_padding=\u00bb0px||0px||false|false\u00bb link_option_url=\u00bbhttp:\/\/www.a2eadjusters.com\/politica-de-privacidad\u00bb text_font_size_tablet=\u00bb13px\u00bb text_font_size_phone=\u00bb11px\u00bb text_font_size_last_edited=\u00bbon|tablet\u00bb]<\/p>\n<p style=\"text-align: right;\">Pol\u00edtica de Privacidad<\/p>\n<p>[\/et_pb_text][\/et_pb_column][\/et_pb_row][\/et_pb_section]<\/p>\n","protected":false},"excerpt":{"rendered":"<p>Pol\u00edtica de PrivacidadEn este sitio web y en cumplimiento de las disposiciones contenidas en la Ley Federal de Protecci\u00f3n de Datos Personales en Posesi\u00f3n de los Particulares, nos comprometemos a proteger la privacidad de sus datos personales. Este Aviso de Privacidad detalla la informaci\u00f3n que nos proporciona y como la recabamos, el tratamiento de sus [&hellip;]<\/p>\n","protected":false},"author":1,"featured_media":0,"parent":0,"menu_order":0,"comment_status":"closed","ping_status":"open","template":"","meta":{"_et_pb_use_builder":"on","_et_pb_old_content":"<!-- wp:heading --><h2>Who we are<\/h2><!-- \/wp:heading --><!-- wp:paragraph --><p>Our website address is: http:\/\/www.a2eadjusters.com.<\/p><!-- \/wp:paragraph --><!-- wp:heading --><h2>What personal data we collect and why we collect it<\/h2><!-- \/wp:heading --><!-- wp:heading {\"level\":3} --><h3>Comments<\/h3><!-- \/wp:heading --><!-- wp:paragraph --><p>When visitors leave comments on the site we collect the data shown in the comments form, and also the visitor&#8217;s IP address and browser user agent string to help spam detection.<\/p><!-- \/wp:paragraph --><!-- wp:paragraph --><p>An anonymized string created from your email address (also called a hash) may be provided to the Gravatar service to see if you are using it. The Gravatar service privacy policy is available here: https:\/\/automattic.com\/privacy\/. After approval of your comment, your profile picture is visible to the public in the context of your comment.<\/p><!-- \/wp:paragraph --><!-- wp:heading {\"level\":3} --><h3>Media<\/h3><!-- \/wp:heading --><!-- wp:paragraph --><p>If you upload images to the website, you should avoid uploading images with embedded location data (EXIF GPS) included. Visitors to the website can download and extract any location data from images on the website.<\/p><!-- \/wp:paragraph --><!-- wp:heading {\"level\":3} --><h3>Contact forms<\/h3><!-- \/wp:heading --><!-- wp:heading {\"level\":3} --><h3>Cookies<\/h3><!-- \/wp:heading --><!-- wp:paragraph --><p>If you leave a comment on our site you may opt-in to saving your name, email address and website in cookies. These are for your convenience so that you do not have to fill in your details again when you leave another comment. These cookies will last for one year.<\/p><!-- \/wp:paragraph --><!-- wp:paragraph --><p>If you visit our login page, we will set a temporary cookie to determine if your browser accepts cookies. This cookie contains no personal data and is discarded when you close your browser.<\/p><!-- \/wp:paragraph --><!-- wp:paragraph --><p>When you log in, we will also set up several cookies to save your login information and your screen display choices. Login cookies last for two days, and screen options cookies last for a year. If you select &quot;Remember Me&quot;, your login will persist for two weeks. If you log out of your account, the login cookies will be removed.<\/p><!-- \/wp:paragraph --><!-- wp:paragraph --><p>If you edit or publish an article, an additional cookie will be saved in your browser. This cookie includes no personal data and simply indicates the post ID of the article you just edited. It expires after 1 day.<\/p><!-- \/wp:paragraph --><!-- wp:heading {\"level\":3} --><h3>Embedded content from other websites<\/h3><!-- \/wp:heading --><!-- wp:paragraph --><p>Articles on this site may include embedded content (e.g. videos, images, articles, etc.). Embedded content from other websites behaves in the exact same way as if the visitor has visited the other website.<\/p><!-- \/wp:paragraph --><!-- wp:paragraph --><p>These websites may collect data about you, use cookies, embed additional third-party tracking, and monitor your interaction with that embedded content, including tracking your interaction with the embedded content if you have an account and are logged in to that website.<\/p><!-- \/wp:paragraph --><!-- wp:heading {\"level\":3} --><h3>Analytics<\/h3><!-- \/wp:heading --><!-- wp:heading --><h2>Who we share your data with<\/h2><!-- \/wp:heading --><!-- wp:paragraph --><p>If you request a password reset, your IP address will be included in the reset email.<\/p><!-- \/wp:paragraph --><!-- wp:heading --><h2>How long we retain your data<\/h2><!-- \/wp:heading --><!-- wp:paragraph --><p>If you leave a comment, the comment and its metadata are retained indefinitely. This is so we can recognize and approve any follow-up comments automatically instead of holding them in a moderation queue.<\/p><!-- \/wp:paragraph --><!-- wp:paragraph --><p>For users that register on our website (if any), we also store the personal information they provide in their user profile. All users can see, edit, or delete their personal information at any time (except they cannot change their username). Website administrators can also see and edit that information.<\/p><!-- \/wp:paragraph --><!-- wp:heading --><h2>What rights you have over your data<\/h2><!-- \/wp:heading --><!-- wp:paragraph --><p>If you have an account on this site, or have left comments, you can request to receive an exported file of the personal data we hold about you, including any data you have provided to us. You can also request that we erase any personal data we hold about you. This does not include any data we are obliged to keep for administrative, legal, or security purposes.<\/p><!-- \/wp:paragraph --><!-- wp:heading --><h2>Where we send your data<\/h2><!-- \/wp:heading --><!-- wp:paragraph --><p>Visitor comments may be checked through an automated spam detection service.<\/p><!-- \/wp:paragraph --><!-- wp:heading --><h2>Your contact information<\/h2><!-- \/wp:heading --><!-- wp:heading --><h2>Additional information<\/h2><!-- \/wp:heading --><!-- wp:heading {\"level\":3} --><h3>How we protect your data<\/h3><!-- \/wp:heading --><!-- wp:heading {\"level\":3} --><h3>What data breach procedures we have in place<\/h3><!-- \/wp:heading --><!-- wp:heading {\"level\":3} --><h3>What third parties we receive data from<\/h3><!-- \/wp:heading --><!-- wp:heading {\"level\":3} --><h3>What automated decision making and\/or profiling we do with user data<\/h3><!-- \/wp:heading --><!-- wp:heading {\"level\":3} --><h3>Industry regulatory disclosure requirements<\/h3><!-- \/wp:heading -->","_et_gb_content_width":"","footnotes":""},"class_list":["post-3","page","type-page","status-publish","hentry"],"_links":{"self":[{"href":"https:\/\/www.a2eadjusters.com\/eng\/wp-json\/wp\/v2\/pages\/3","targetHints":{"allow":["GET"]}}],"collection":[{"href":"https:\/\/www.a2eadjusters.com\/eng\/wp-json\/wp\/v2\/pages"}],"about":[{"href":"https:\/\/www.a2eadjusters.com\/eng\/wp-json\/wp\/v2\/types\/page"}],"author":[{"embeddable":true,"href":"https:\/\/www.a2eadjusters.com\/eng\/wp-json\/wp\/v2\/users\/1"}],"replies":[{"embeddable":true,"href":"https:\/\/www.a2eadjusters.com\/eng\/wp-json\/wp\/v2\/comments?post=3"}],"version-history":[{"count":1,"href":"https:\/\/www.a2eadjusters.com\/eng\/wp-json\/wp\/v2\/pages\/3\/revisions"}],"predecessor-version":[{"id":4703,"href":"https:\/\/www.a2eadjusters.com\/eng\/wp-json\/wp\/v2\/pages\/3\/revisions\/4703"}],"wp:attachment":[{"href":"https:\/\/www.a2eadjusters.com\/eng\/wp-json\/wp\/v2\/media?parent=3"}],"curies":[{"name":"wp","href":"https:\/\/api.w.org\/{rel}","templated":true}]}}